{"id":60,"date":"2007-11-09T11:47:29","date_gmt":"2007-11-09T10:47:29","guid":{"rendered":"https:\/\/www.jocelyne-lopez.de\/blog\/?page_id=60"},"modified":"2021-04-25T12:13:33","modified_gmt":"2021-04-25T11:13:33","slug":"kurzlebenslauf","status":"publish","type":"page","link":"https:\/\/www.jocelyne-lopez.de\/blog\/impressum\/kurzlebenslauf\/","title":{"rendered":"Kurzlebenslauf"},"content":{"rendered":"<p>Jocelyne Lopez<br \/>\ngeb. 1948 in Marseille<br \/>\nWohnort in Deutschland seit 1976<br \/>\nStaatsangeh\u00f6rigkeit: Franz\u00f6sisch<\/p>\n<p><strong>Ausbildung<\/strong> (ausschlie\u00dflich in Frankreich):<\/p>\n<p>&#8211; Ausbildung als Direktionssekret\u00e4rin (BTS)<br \/>\n&#8211; DEUG Droit: 1. Abschlu\u00dfdiplom f\u00fcr Jurastudium in Frankreich (4 Semester), abgeschlossen bei der Facult\u00e9 de Droit et Sciences Economiques in Aix-en-Provence &#8211; Universit\u00e4t Aix-Marseille III.<\/p>\n<p><strong>Beruflicher Werdegang<\/strong>:<\/p>\n<p>1972-2003 : 31 Jahre berufst\u00e4tig, davon 5 Jahre in Frankreich und 26 Jahre in Deutschland (zuletzt 20 Jahre als Assistentin einer Gesch\u00e4ftsleitung in Hamburg in einem internationalen Bankkonzern).<\/p>\n","protected":false},"excerpt":{"rendered":"<p>Jocelyne Lopez geb. 1948 in Marseille Wohnort in Deutschland seit 1976 Staatsangeh\u00f6rigkeit: Franz\u00f6sisch Ausbildung (ausschlie\u00dflich in Frankreich): &#8211; Ausbildung als Direktionssekret\u00e4rin (BTS) &#8211; DEUG Droit: 1. Abschlu\u00dfdiplom f\u00fcr Jurastudium in Frankreich (4 Semester), abgeschlossen bei der Facult\u00e9 de Droit et Sciences Economiques in Aix-en-Provence &#8211; Universit\u00e4t Aix-Marseille III. Beruflicher Werdegang: 1972-2003 : 31 Jahre berufst\u00e4tig, [&hellip;]<\/p>\n","protected":false},"author":3,"featured_media":0,"parent":8,"menu_order":0,"comment_status":"closed","ping_status":"open","template":"","meta":{"om_disable_all_campaigns":false,"_monsterinsights_skip_tracking":false,"_monsterinsights_sitenote_active":false,"_monsterinsights_sitenote_note":"","_monsterinsights_sitenote_category":0,"ngg_post_thumbnail":0,"footnotes":""},"class_list":["post-60","page","type-page","status-publish","hentry"],"aioseo_notices":[],"_links":{"self":[{"href":"https:\/\/www.jocelyne-lopez.de\/blog\/wp-json\/wp\/v2\/pages\/60"}],"collection":[{"href":"https:\/\/www.jocelyne-lopez.de\/blog\/wp-json\/wp\/v2\/pages"}],"about":[{"href":"https:\/\/www.jocelyne-lopez.de\/blog\/wp-json\/wp\/v2\/types\/page"}],"author":[{"embeddable":true,"href":"https:\/\/www.jocelyne-lopez.de\/blog\/wp-json\/wp\/v2\/users\/3"}],"replies":[{"embeddable":true,"href":"https:\/\/www.jocelyne-lopez.de\/blog\/wp-json\/wp\/v2\/comments?post=60"}],"version-history":[{"count":0,"href":"https:\/\/www.jocelyne-lopez.de\/blog\/wp-json\/wp\/v2\/pages\/60\/revisions"}],"up":[{"embeddable":true,"href":"https:\/\/www.jocelyne-lopez.de\/blog\/wp-json\/wp\/v2\/pages\/8"}],"wp:attachment":[{"href":"https:\/\/www.jocelyne-lopez.de\/blog\/wp-json\/wp\/v2\/media?parent=60"}],"curies":[{"name":"wp","href":"https:\/\/api.w.org\/{rel}","templated":true}]}}